{"id":605,"date":"2025-04-14T13:52:39","date_gmt":"2025-04-14T11:52:39","guid":{"rendered":"https:\/\/aurelievoyagebe.wordpress.com\/?page_id=605"},"modified":"2025-12-19T11:56:49","modified_gmt":"2025-12-19T11:56:49","slug":"sicile-2","status":"publish","type":"page","link":"https:\/\/aurelievoyage.be\/index.php\/mes-voyages\/sicile-2\/","title":{"rendered":"Sicile"},"content":{"rendered":"\n<h3 class=\"wp-block-heading\">La Sicile, une \u00eele authentique<\/h3>\n\n\n\n<p>La Sicile \u00e9voque \u00e9videmment le soleil br\u00fblant, la douceur de vivre et les vins de caract\u00e8re mais c&rsquo;est aussi une \u00eele aux traditions bien ancr\u00e9es et riche d&rsquo;une histoire qui lui conf\u00e8re aujourd&rsquo;hui des influences multiculturelles. La Sicile offre \u00e9galement une nature splendide, des plages aux eaux turquoises, des villages anciens perch\u00e9s au bord des falaises et des temples grecs multimill\u00e9naires. Agr\u00e9mentez le tout d&rsquo;une d\u00e9licieuse pizza traditionnelle et du chant des cigales et vous aurez tous les ingr\u00e9dients n\u00e9cessaires pour retrouver des saveurs authentiques.<\/p>\n\n\n\n<blockquote class=\"wp-block-quote is-layout-flow wp-block-quote-is-layout-flow\">\n<p>Un article est en cours d&rsquo;\u00e9criture sur ce sujet. Abonnez-vous pour le d\u00e9couvrir d\u00e8s sa publication !<\/p>\n<\/blockquote>\n","protected":false},"excerpt":{"rendered":"<p>La Sicile, une \u00eele authentique La Sicile \u00e9voque \u00e9videmment le soleil br\u00fblant, la douceur de vivre et les vins de caract\u00e8re mais c&rsquo;est aussi une \u00eele aux traditions bien ancr\u00e9es et riche d&rsquo;une histoire qui lui conf\u00e8re aujourd&rsquo;hui des influences multiculturelles. La Sicile offre \u00e9galement une nature splendide, des plages aux eaux turquoises, des villages [&hellip;]<\/p>\n","protected":false},"author":1,"featured_media":791,"parent":122,"menu_order":0,"comment_status":"closed","ping_status":"closed","template":"","meta":{"footnotes":""},"class_list":["post-605","page","type-page","status-publish","has-post-thumbnail","hentry"],"jetpack_sharing_enabled":true,"_links":{"self":[{"href":"https:\/\/aurelievoyage.be\/index.php\/wp-json\/wp\/v2\/pages\/605","targetHints":{"allow":["GET"]}}],"collection":[{"href":"https:\/\/aurelievoyage.be\/index.php\/wp-json\/wp\/v2\/pages"}],"about":[{"href":"https:\/\/aurelievoyage.be\/index.php\/wp-json\/wp\/v2\/types\/page"}],"author":[{"embeddable":true,"href":"https:\/\/aurelievoyage.be\/index.php\/wp-json\/wp\/v2\/users\/1"}],"replies":[{"embeddable":true,"href":"https:\/\/aurelievoyage.be\/index.php\/wp-json\/wp\/v2\/comments?post=605"}],"version-history":[{"count":1,"href":"https:\/\/aurelievoyage.be\/index.php\/wp-json\/wp\/v2\/pages\/605\/revisions"}],"predecessor-version":[{"id":1907,"href":"https:\/\/aurelievoyage.be\/index.php\/wp-json\/wp\/v2\/pages\/605\/revisions\/1907"}],"up":[{"embeddable":true,"href":"https:\/\/aurelievoyage.be\/index.php\/wp-json\/wp\/v2\/pages\/122"}],"wp:featuredmedia":[{"embeddable":true,"href":"https:\/\/aurelievoyage.be\/index.php\/wp-json\/"}],"wp:attachment":[{"href":"https:\/\/aurelievoyage.be\/index.php\/wp-json\/wp\/v2\/media?parent=605"}],"curies":[{"name":"wp","href":"https:\/\/api.w.org\/{rel}","templated":true}]}}