{"id":575,"date":"2025-04-10T20:59:19","date_gmt":"2025-04-10T18:59:19","guid":{"rendered":"https:\/\/aurelievoyagebe.wordpress.com\/?page_id=575"},"modified":"2025-12-19T11:52:11","modified_gmt":"2025-12-19T11:52:11","slug":"algarve","status":"publish","type":"page","link":"https:\/\/aurelievoyage.be\/index.php\/mes-voyages\/algarve\/","title":{"rendered":"Algarve"},"content":{"rendered":"\n<h3 class=\"wp-block-heading\">La beaut\u00e9 sauvage de l&rsquo;Algarve<\/h3>\n\n\n\n<p>Des plages \u00e0 couper le souffle. Des falaises somptueuses \u00e0 la roche d\u00e9coup\u00e9e \u00e0 la force du vent et de la mer. Des villages de p\u00eacheurs \u00e9clatant de blanc qui surplombent de petites criques de sable dor\u00e9 et des criques de r\u00eaves qui invitent \u00e0 la d\u00e9tente. D\u00e9couvrez la beaut\u00e9 sauvage de l&rsquo;Algarve.<\/p>\n\n\n\n<blockquote class=\"wp-block-quote is-layout-flow wp-block-quote-is-layout-flow\">\n<blockquote class=\"wp-block-quote is-layout-flow wp-block-quote-is-layout-flow\">\n<p>\u00a0\u00bb Les articles consacr\u00e9s \u00e0 ce voyage sont en cours de pr\u00e9paration et seront disponibles tr\u00e8s prochainement ! \u00ab\u00a0<\/p>\n<\/blockquote>\n<\/blockquote>\n","protected":false},"excerpt":{"rendered":"<p>La beaut\u00e9 sauvage de l&rsquo;Algarve Des plages \u00e0 couper le souffle. Des falaises somptueuses \u00e0 la roche d\u00e9coup\u00e9e \u00e0 la force du vent et de la mer. Des villages de p\u00eacheurs \u00e9clatant de blanc qui surplombent de petites criques de sable dor\u00e9 et des criques de r\u00eaves qui invitent \u00e0 la d\u00e9tente. D\u00e9couvrez la beaut\u00e9 [&hellip;]<\/p>\n","protected":false},"author":1,"featured_media":794,"parent":122,"menu_order":0,"comment_status":"closed","ping_status":"closed","template":"","meta":{"footnotes":""},"class_list":["post-575","page","type-page","status-publish","has-post-thumbnail","hentry"],"jetpack_sharing_enabled":true,"_links":{"self":[{"href":"https:\/\/aurelievoyage.be\/index.php\/wp-json\/wp\/v2\/pages\/575","targetHints":{"allow":["GET"]}}],"collection":[{"href":"https:\/\/aurelievoyage.be\/index.php\/wp-json\/wp\/v2\/pages"}],"about":[{"href":"https:\/\/aurelievoyage.be\/index.php\/wp-json\/wp\/v2\/types\/page"}],"author":[{"embeddable":true,"href":"https:\/\/aurelievoyage.be\/index.php\/wp-json\/wp\/v2\/users\/1"}],"replies":[{"embeddable":true,"href":"https:\/\/aurelievoyage.be\/index.php\/wp-json\/wp\/v2\/comments?post=575"}],"version-history":[{"count":2,"href":"https:\/\/aurelievoyage.be\/index.php\/wp-json\/wp\/v2\/pages\/575\/revisions"}],"predecessor-version":[{"id":1892,"href":"https:\/\/aurelievoyage.be\/index.php\/wp-json\/wp\/v2\/pages\/575\/revisions\/1892"}],"up":[{"embeddable":true,"href":"https:\/\/aurelievoyage.be\/index.php\/wp-json\/wp\/v2\/pages\/122"}],"wp:featuredmedia":[{"embeddable":true,"href":"https:\/\/aurelievoyage.be\/index.php\/wp-json\/"}],"wp:attachment":[{"href":"https:\/\/aurelievoyage.be\/index.php\/wp-json\/wp\/v2\/media?parent=575"}],"curies":[{"name":"wp","href":"https:\/\/api.w.org\/{rel}","templated":true}]}}