{"id":497,"date":"2025-04-10T18:57:50","date_gmt":"2025-04-10T16:57:50","guid":{"rendered":"https:\/\/aurelievoyagebe.wordpress.com\/?page_id=497"},"modified":"2025-12-19T11:52:26","modified_gmt":"2025-12-19T11:52:26","slug":"baie-de-naples-et-cote-amalfitaine","status":"publish","type":"page","link":"https:\/\/aurelievoyage.be\/index.php\/mes-voyages\/baie-de-naples-et-cote-amalfitaine\/","title":{"rendered":"Baie de Naples et C\u00f4te Amalfitaine"},"content":{"rendered":"\n<h3 class=\"wp-block-heading\">Go\u00fbter \u00e0 la dolce vita<\/h3>\n\n\n\n<p>Une mer \u00e9meraude \u00e9tincelante, la douce chaleur du soleil et le parfum suave des citronniers qui bordent les c\u00f4tes escarp\u00e9es. De jolies routes (tr\u00e8s!) sinueuses et des montagnes abruptes qui plongent tout droit dans la mer. La C\u00f4te Amalfitaine propose de vrais tr\u00e9sors qui riment avec dolce vita !<\/p>\n\n\n\n<blockquote class=\"wp-block-quote is-layout-flow wp-block-quote-is-layout-flow\">\n<blockquote class=\"wp-block-quote is-layout-flow wp-block-quote-is-layout-flow\">\n<p>\u00a0\u00bb Les articles consacr\u00e9s \u00e0 ce voyage sont en cours de pr\u00e9paration et seront disponibles tr\u00e8s prochainement ! \u00ab\u00a0<\/p>\n<\/blockquote>\n<\/blockquote>\n","protected":false},"excerpt":{"rendered":"<p>Go\u00fbter \u00e0 la dolce vita Une mer \u00e9meraude \u00e9tincelante, la douce chaleur du soleil et le parfum suave des citronniers qui bordent les c\u00f4tes escarp\u00e9es. De jolies routes (tr\u00e8s!) sinueuses et des montagnes abruptes qui plongent tout droit dans la mer. La C\u00f4te Amalfitaine propose de vrais tr\u00e9sors qui riment avec dolce vita !<\/p>\n","protected":false},"author":1,"featured_media":792,"parent":122,"menu_order":0,"comment_status":"closed","ping_status":"closed","template":"","meta":{"footnotes":""},"class_list":["post-497","page","type-page","status-publish","has-post-thumbnail","hentry"],"jetpack_sharing_enabled":true,"_links":{"self":[{"href":"https:\/\/aurelievoyage.be\/index.php\/wp-json\/wp\/v2\/pages\/497","targetHints":{"allow":["GET"]}}],"collection":[{"href":"https:\/\/aurelievoyage.be\/index.php\/wp-json\/wp\/v2\/pages"}],"about":[{"href":"https:\/\/aurelievoyage.be\/index.php\/wp-json\/wp\/v2\/types\/page"}],"author":[{"embeddable":true,"href":"https:\/\/aurelievoyage.be\/index.php\/wp-json\/wp\/v2\/users\/1"}],"replies":[{"embeddable":true,"href":"https:\/\/aurelievoyage.be\/index.php\/wp-json\/wp\/v2\/comments?post=497"}],"version-history":[{"count":1,"href":"https:\/\/aurelievoyage.be\/index.php\/wp-json\/wp\/v2\/pages\/497\/revisions"}],"predecessor-version":[{"id":1893,"href":"https:\/\/aurelievoyage.be\/index.php\/wp-json\/wp\/v2\/pages\/497\/revisions\/1893"}],"up":[{"embeddable":true,"href":"https:\/\/aurelievoyage.be\/index.php\/wp-json\/wp\/v2\/pages\/122"}],"wp:featuredmedia":[{"embeddable":true,"href":"https:\/\/aurelievoyage.be\/index.php\/wp-json\/"}],"wp:attachment":[{"href":"https:\/\/aurelievoyage.be\/index.php\/wp-json\/wp\/v2\/media?parent=497"}],"curies":[{"name":"wp","href":"https:\/\/api.w.org\/{rel}","templated":true}]}}