{"id":495,"date":"2025-04-14T13:59:36","date_gmt":"2025-04-14T11:59:36","guid":{"rendered":"https:\/\/aurelievoyagebe.wordpress.com\/?page_id=495"},"modified":"2025-12-19T11:53:46","modified_gmt":"2025-12-19T11:53:46","slug":"gran-canaria","status":"publish","type":"page","link":"https:\/\/aurelievoyage.be\/index.php\/mes-voyages\/gran-canaria\/","title":{"rendered":"Gran Canaria"},"content":{"rendered":"\n<p>Cette page est cours d&rsquo;\u00e9criture et sera disponible prochainement !<\/p>\n\n\n\n<p>A bient\u00f4t !<br>Aur\u00e9lie<\/p>\n","protected":false},"excerpt":{"rendered":"<p>Cette page est cours d&rsquo;\u00e9criture et sera disponible prochainement ! A bient\u00f4t !Aur\u00e9lie<\/p>\n","protected":false},"author":1,"featured_media":0,"parent":122,"menu_order":0,"comment_status":"closed","ping_status":"closed","template":"","meta":{"footnotes":""},"class_list":["post-495","page","type-page","status-publish","hentry"],"jetpack_sharing_enabled":true,"_links":{"self":[{"href":"https:\/\/aurelievoyage.be\/index.php\/wp-json\/wp\/v2\/pages\/495","targetHints":{"allow":["GET"]}}],"collection":[{"href":"https:\/\/aurelievoyage.be\/index.php\/wp-json\/wp\/v2\/pages"}],"about":[{"href":"https:\/\/aurelievoyage.be\/index.php\/wp-json\/wp\/v2\/types\/page"}],"author":[{"embeddable":true,"href":"https:\/\/aurelievoyage.be\/index.php\/wp-json\/wp\/v2\/users\/1"}],"replies":[{"embeddable":true,"href":"https:\/\/aurelievoyage.be\/index.php\/wp-json\/wp\/v2\/comments?post=495"}],"version-history":[{"count":1,"href":"https:\/\/aurelievoyage.be\/index.php\/wp-json\/wp\/v2\/pages\/495\/revisions"}],"predecessor-version":[{"id":1898,"href":"https:\/\/aurelievoyage.be\/index.php\/wp-json\/wp\/v2\/pages\/495\/revisions\/1898"}],"up":[{"embeddable":true,"href":"https:\/\/aurelievoyage.be\/index.php\/wp-json\/wp\/v2\/pages\/122"}],"wp:attachment":[{"href":"https:\/\/aurelievoyage.be\/index.php\/wp-json\/wp\/v2\/media?parent=495"}],"curies":[{"name":"wp","href":"https:\/\/api.w.org\/{rel}","templated":true}]}}