{"id":494,"date":"2025-04-14T13:58:59","date_gmt":"2025-04-14T11:58:59","guid":{"rendered":"https:\/\/aurelievoyagebe.wordpress.com\/?page_id=494"},"modified":"2025-12-19T11:52:51","modified_gmt":"2025-12-19T11:52:51","slug":"barcelone","status":"publish","type":"page","link":"https:\/\/aurelievoyage.be\/index.php\/mes-voyages\/barcelone\/","title":{"rendered":"Barcelone"},"content":{"rendered":"\n<p>Cette page est en cours d&rsquo;\u00e9criture et vous sera propos\u00e9e prochainement.<\/p>\n\n\n\n<p>A bient\u00f4t !<br>Aur\u00e9lie<\/p>\n","protected":false},"excerpt":{"rendered":"<p>Cette page est en cours d&rsquo;\u00e9criture et vous sera propos\u00e9e prochainement. A bient\u00f4t !Aur\u00e9lie<\/p>\n","protected":false},"author":1,"featured_media":790,"parent":122,"menu_order":0,"comment_status":"closed","ping_status":"closed","template":"","meta":{"footnotes":""},"class_list":["post-494","page","type-page","status-publish","has-post-thumbnail","hentry"],"jetpack_sharing_enabled":true,"_links":{"self":[{"href":"https:\/\/aurelievoyage.be\/index.php\/wp-json\/wp\/v2\/pages\/494","targetHints":{"allow":["GET"]}}],"collection":[{"href":"https:\/\/aurelievoyage.be\/index.php\/wp-json\/wp\/v2\/pages"}],"about":[{"href":"https:\/\/aurelievoyage.be\/index.php\/wp-json\/wp\/v2\/types\/page"}],"author":[{"embeddable":true,"href":"https:\/\/aurelievoyage.be\/index.php\/wp-json\/wp\/v2\/users\/1"}],"replies":[{"embeddable":true,"href":"https:\/\/aurelievoyage.be\/index.php\/wp-json\/wp\/v2\/comments?post=494"}],"version-history":[{"count":1,"href":"https:\/\/aurelievoyage.be\/index.php\/wp-json\/wp\/v2\/pages\/494\/revisions"}],"predecessor-version":[{"id":1894,"href":"https:\/\/aurelievoyage.be\/index.php\/wp-json\/wp\/v2\/pages\/494\/revisions\/1894"}],"up":[{"embeddable":true,"href":"https:\/\/aurelievoyage.be\/index.php\/wp-json\/wp\/v2\/pages\/122"}],"wp:featuredmedia":[{"embeddable":true,"href":"https:\/\/aurelievoyage.be\/index.php\/wp-json\/"}],"wp:attachment":[{"href":"https:\/\/aurelievoyage.be\/index.php\/wp-json\/wp\/v2\/media?parent=494"}],"curies":[{"name":"wp","href":"https:\/\/api.w.org\/{rel}","templated":true}]}}