{"id":482,"date":"2025-04-14T13:59:16","date_gmt":"2025-04-14T11:59:16","guid":{"rendered":"https:\/\/aurelievoyagebe.wordpress.com\/?page_id=482"},"modified":"2025-12-19T11:53:28","modified_gmt":"2025-12-19T11:53:28","slug":"cote-dopale","status":"publish","type":"page","link":"https:\/\/aurelievoyage.be\/index.php\/mes-voyages\/cote-dopale\/","title":{"rendered":"C\u00f4te d&rsquo;Opale"},"content":{"rendered":"\n<p>Cette page est cours d&rsquo;\u00e9criture et sera disponible prochainement !<\/p>\n\n\n\n<p>A bient\u00f4t !<br>Aur\u00e9lie<\/p>\n","protected":false},"excerpt":{"rendered":"<p>Cette page est cours d&rsquo;\u00e9criture et sera disponible prochainement ! A bient\u00f4t !Aur\u00e9lie<\/p>\n","protected":false},"author":1,"featured_media":789,"parent":122,"menu_order":0,"comment_status":"closed","ping_status":"closed","template":"","meta":{"footnotes":""},"class_list":["post-482","page","type-page","status-publish","has-post-thumbnail","hentry"],"jetpack_sharing_enabled":true,"_links":{"self":[{"href":"https:\/\/aurelievoyage.be\/index.php\/wp-json\/wp\/v2\/pages\/482","targetHints":{"allow":["GET"]}}],"collection":[{"href":"https:\/\/aurelievoyage.be\/index.php\/wp-json\/wp\/v2\/pages"}],"about":[{"href":"https:\/\/aurelievoyage.be\/index.php\/wp-json\/wp\/v2\/types\/page"}],"author":[{"embeddable":true,"href":"https:\/\/aurelievoyage.be\/index.php\/wp-json\/wp\/v2\/users\/1"}],"replies":[{"embeddable":true,"href":"https:\/\/aurelievoyage.be\/index.php\/wp-json\/wp\/v2\/comments?post=482"}],"version-history":[{"count":1,"href":"https:\/\/aurelievoyage.be\/index.php\/wp-json\/wp\/v2\/pages\/482\/revisions"}],"predecessor-version":[{"id":1896,"href":"https:\/\/aurelievoyage.be\/index.php\/wp-json\/wp\/v2\/pages\/482\/revisions\/1896"}],"up":[{"embeddable":true,"href":"https:\/\/aurelievoyage.be\/index.php\/wp-json\/wp\/v2\/pages\/122"}],"wp:featuredmedia":[{"embeddable":true,"href":"https:\/\/aurelievoyage.be\/index.php\/wp-json\/"}],"wp:attachment":[{"href":"https:\/\/aurelievoyage.be\/index.php\/wp-json\/wp\/v2\/media?parent=482"}],"curies":[{"name":"wp","href":"https:\/\/api.w.org\/{rel}","templated":true}]}}