{"id":477,"date":"2025-04-14T13:59:08","date_gmt":"2025-04-14T11:59:08","guid":{"rendered":"https:\/\/aurelievoyagebe.wordpress.com\/?page_id=477"},"modified":"2025-12-19T11:53:18","modified_gmt":"2025-12-19T11:53:18","slug":"coimbra-et-lisbonne","status":"publish","type":"page","link":"https:\/\/aurelievoyage.be\/index.php\/mes-voyages\/coimbra-et-lisbonne\/","title":{"rendered":"Coimbra et Lisbonne"},"content":{"rendered":"\n<p>Cette page est cours d&rsquo;\u00e9criture et sera disponible prochainement !<\/p>\n\n\n\n<p>A bient\u00f4t !<br>Aur\u00e9lie<\/p>\n","protected":false},"excerpt":{"rendered":"<p>Cette page est cours d&rsquo;\u00e9criture et sera disponible prochainement ! A bient\u00f4t !Aur\u00e9lie<\/p>\n","protected":false},"author":1,"featured_media":786,"parent":122,"menu_order":0,"comment_status":"closed","ping_status":"closed","template":"","meta":{"footnotes":""},"class_list":["post-477","page","type-page","status-publish","has-post-thumbnail","hentry"],"jetpack_sharing_enabled":true,"_links":{"self":[{"href":"https:\/\/aurelievoyage.be\/index.php\/wp-json\/wp\/v2\/pages\/477","targetHints":{"allow":["GET"]}}],"collection":[{"href":"https:\/\/aurelievoyage.be\/index.php\/wp-json\/wp\/v2\/pages"}],"about":[{"href":"https:\/\/aurelievoyage.be\/index.php\/wp-json\/wp\/v2\/types\/page"}],"author":[{"embeddable":true,"href":"https:\/\/aurelievoyage.be\/index.php\/wp-json\/wp\/v2\/users\/1"}],"replies":[{"embeddable":true,"href":"https:\/\/aurelievoyage.be\/index.php\/wp-json\/wp\/v2\/comments?post=477"}],"version-history":[{"count":1,"href":"https:\/\/aurelievoyage.be\/index.php\/wp-json\/wp\/v2\/pages\/477\/revisions"}],"predecessor-version":[{"id":1895,"href":"https:\/\/aurelievoyage.be\/index.php\/wp-json\/wp\/v2\/pages\/477\/revisions\/1895"}],"up":[{"embeddable":true,"href":"https:\/\/aurelievoyage.be\/index.php\/wp-json\/wp\/v2\/pages\/122"}],"wp:featuredmedia":[{"embeddable":true,"href":"https:\/\/aurelievoyage.be\/index.php\/wp-json\/"}],"wp:attachment":[{"href":"https:\/\/aurelievoyage.be\/index.php\/wp-json\/wp\/v2\/media?parent=477"}],"curies":[{"name":"wp","href":"https:\/\/api.w.org\/{rel}","templated":true}]}}