{"id":27,"date":"2025-04-10T19:35:35","date_gmt":"2025-04-10T17:35:35","guid":{"rendered":"https:\/\/aurelievoyagebe.wordpress.com\/?page_id=27"},"modified":"2025-12-19T11:55:10","modified_gmt":"2025-12-19T11:55:10","slug":"hawaii","status":"publish","type":"page","link":"https:\/\/aurelievoyage.be\/index.php\/mes-voyages\/hawaii\/","title":{"rendered":"Hawaii"},"content":{"rendered":"\n<h3 class=\"wp-block-heading\">Notre voyage \u00e0 Oahu<\/h3>\n\n\n\n<p>2h de taxi, 5h42 d&rsquo;escale et 17h19 de vol mais une destination qui valait le d\u00e9placement. R\u00e9cit d&rsquo;un voyage qui aura chang\u00e9 ma vision de la vie. Aloha !<\/p>\n\n\n\n<blockquote class=\"wp-block-quote is-layout-flow wp-block-quote-is-layout-flow\">\n<p>Le r\u00e9cit de ce fabuleux voyage est en cours d&rsquo;\u00e9criture. Abonnez-vous pour le d\u00e9couvrir d\u00e8s sa publication !<\/p>\n<\/blockquote>\n","protected":false},"excerpt":{"rendered":"<p>Notre voyage \u00e0 Oahu 2h de taxi, 5h42 d&rsquo;escale et 17h19 de vol mais une destination qui valait le d\u00e9placement. R\u00e9cit d&rsquo;un voyage qui aura chang\u00e9 ma vision de la vie. Aloha ! Le r\u00e9cit de ce fabuleux voyage est en cours d&rsquo;\u00e9criture. Abonnez-vous pour le d\u00e9couvrir d\u00e8s sa publication !<\/p>\n","protected":false},"author":1,"featured_media":797,"parent":122,"menu_order":0,"comment_status":"closed","ping_status":"closed","template":"","meta":{"footnotes":""},"class_list":["post-27","page","type-page","status-publish","has-post-thumbnail","hentry"],"jetpack_sharing_enabled":true,"_links":{"self":[{"href":"https:\/\/aurelievoyage.be\/index.php\/wp-json\/wp\/v2\/pages\/27","targetHints":{"allow":["GET"]}}],"collection":[{"href":"https:\/\/aurelievoyage.be\/index.php\/wp-json\/wp\/v2\/pages"}],"about":[{"href":"https:\/\/aurelievoyage.be\/index.php\/wp-json\/wp\/v2\/types\/page"}],"author":[{"embeddable":true,"href":"https:\/\/aurelievoyage.be\/index.php\/wp-json\/wp\/v2\/users\/1"}],"replies":[{"embeddable":true,"href":"https:\/\/aurelievoyage.be\/index.php\/wp-json\/wp\/v2\/comments?post=27"}],"version-history":[{"count":2,"href":"https:\/\/aurelievoyage.be\/index.php\/wp-json\/wp\/v2\/pages\/27\/revisions"}],"predecessor-version":[{"id":1901,"href":"https:\/\/aurelievoyage.be\/index.php\/wp-json\/wp\/v2\/pages\/27\/revisions\/1901"}],"up":[{"embeddable":true,"href":"https:\/\/aurelievoyage.be\/index.php\/wp-json\/wp\/v2\/pages\/122"}],"wp:featuredmedia":[{"embeddable":true,"href":"https:\/\/aurelievoyage.be\/index.php\/wp-json\/"}],"wp:attachment":[{"href":"https:\/\/aurelievoyage.be\/index.php\/wp-json\/wp\/v2\/media?parent=27"}],"curies":[{"name":"wp","href":"https:\/\/api.w.org\/{rel}","templated":true}]}}