{"id":122,"date":"2025-04-02T18:03:08","date_gmt":"2025-04-02T16:03:08","guid":{"rendered":"https:\/\/aurelievoyagebe.wordpress.com\/?page_id=122"},"modified":"2025-12-19T11:50:26","modified_gmt":"2025-12-19T11:50:26","slug":"mes-voyages","status":"publish","type":"page","link":"https:\/\/aurelievoyage.be\/index.php\/mes-voyages\/","title":{"rendered":"Mes voyages"},"content":{"rendered":"\n<div class=\"wp-block-group alignfull is-content-justification-center\" style=\"margin-top:0;margin-bottom:0;padding-top:calc( 0.5 * var(--wp--style--root--padding-right, var(--wp--custom--gap--horizontal)));padding-right:var(--wp--style--root--padding-right, var(--wp--custom--gap--horizontal));padding-bottom:calc( 0.5 * var(--wp--style--root--padding-right, var(--wp--custom--gap--horizontal)));padding-left:var(--wp--style--root--padding-left, var(--wp--custom--gap--horizontal))\"><div class=\"wp-block-group__inner-container is-layout-constrained wp-container-core-group-is-layout-b073b61b wp-block-group-is-layout-constrained\">\n<div class=\"wp-block-group is-vertical is-layout-flex wp-container-core-group-is-layout-8cf370e7 wp-block-group-is-layout-flex\">\n<h2 class=\"wp-block-heading\">Bienvenue dans mon monde !<\/h2>\n<\/div>\n\n\n\n<p class=\"has-text-align-left has-small-font-size\">Vous trouverez ici les diff\u00e9rentes destinations que j\u2019ai pu explorer depuis ces 25 derni\u00e8res ann\u00e9es. Je vous souhaite de belles d\u00e9couvertes et beaucoup de plaisir au travers de ces images.<\/p>\n\n\n\n<div class=\"wp-block-columns alignwide is-layout-flex wp-container-core-columns-is-layout-9d6595d7 wp-block-columns-is-layout-flex\">\n<div class=\"wp-block-column is-layout-flow wp-block-column-is-layout-flow\">\n<figure class=\"wp-block-image size-full has-custom-border\"><img decoding=\"async\" src=\"https:\/\/aurelievoyagebe.wordpress.com\/wp-content\/uploads\/2025\/04\/praia-da-marinha-edited.jpg\" alt=\"Vue sur la plage de Praia da Marinha en Algarve au Portugal\" class=\"wp-image-812\" style=\"border-width:3px;border-radius:0px;aspect-ratio:3\/4;object-fit:cover\"\/><figcaption class=\"wp-element-caption\">Praia da Marinha<\/figcaption><\/figure>\n\n\n\n<h4 class=\"wp-block-heading has-custom-white-color has-text-color has-link-color wp-elements-a430072e7920388f11fe2736b1bdd762\"><a href=\"https:\/\/aurelievoyage.be\/index.php\/mes-voyages\/algarve\/\" data-type=\"page\" data-id=\"575\">Algarve<\/a><\/h4>\n<\/div>\n\n\n\n<div class=\"wp-block-column is-layout-flow wp-block-column-is-layout-flow\">\n<figure class=\"wp-block-image size-full has-custom-border\"><img decoding=\"async\" src=\"https:\/\/aurelievoyagebe.wordpress.com\/wp-content\/uploads\/2025\/04\/erice-sicile-edited.jpg\" alt=\"Village m\u00e9di\u00e9val d'Erice dans l'Ouest de la Sicile\" class=\"wp-image-813\" style=\"border-width:3px;aspect-ratio:3\/4;object-fit:cover\"\/><figcaption class=\"wp-element-caption\">Village d&rsquo;Erice<\/figcaption><\/figure>\n\n\n\n<h4 class=\"wp-block-heading\"><a href=\"https:\/\/aurelievoyage.be\/index.php\/mes-voyages\/sicile-2\/\" data-type=\"page\" data-id=\"605\">Sicile<\/a><\/h4>\n<\/div>\n\n\n\n<div class=\"wp-block-column is-layout-flow wp-block-column-is-layout-flow\">\n<figure class=\"wp-block-image size-full has-custom-border\"><img decoding=\"async\" src=\"https:\/\/aurelievoyagebe.wordpress.com\/wp-content\/uploads\/2025\/04\/plage-de-sangatte-edited-2.jpg\" alt=\"Soleil couchant sur la C\u00f4te d'Opale \u00e0 Sangatte\" class=\"wp-image-843\" style=\"border-width:3px;aspect-ratio:3\/4;object-fit:cover\"\/><figcaption class=\"wp-element-caption\">Plage de Sangatte<\/figcaption><\/figure>\n\n\n\n<h4 class=\"wp-block-heading\"><a href=\"https:\/\/aurelievoyage.be\/index.php\/mes-voyages\/cote-dopale\/\" data-type=\"page\" data-id=\"482\">C\u00f4te <a href=\"https:\/\/aurelievoyagebe.wordpress.com\/mes-voyages\/cote-dopale\/\"><\/a>d&rsquo;Opale<\/a><\/h4>\n<\/div>\n<\/div>\n<\/div><\/div>\n\n\n\n<div class=\"wp-block-group alignfull is-content-justification-center\" style=\"margin-top:0;margin-bottom:0;padding-top:calc( 0.5 * var(--wp--style--root--padding-right, var(--wp--custom--gap--horizontal)));padding-right:var(--wp--style--root--padding-right, var(--wp--custom--gap--horizontal));padding-bottom:calc( 0.5 * var(--wp--style--root--padding-right, var(--wp--custom--gap--horizontal)));padding-left:var(--wp--style--root--padding-left, var(--wp--custom--gap--horizontal))\"><div class=\"wp-block-group__inner-container is-layout-constrained wp-container-core-group-is-layout-b073b61b wp-block-group-is-layout-constrained\">\n<div class=\"wp-block-columns alignwide is-layout-flex wp-container-core-columns-is-layout-9d6595d7 wp-block-columns-is-layout-flex\">\n<div class=\"wp-block-column is-layout-flow wp-block-column-is-layout-flow\">\n<figure class=\"wp-block-image size-full has-custom-border\"><img decoding=\"async\" src=\"https:\/\/aurelievoyagebe.wordpress.com\/wp-content\/uploads\/2025\/04\/planches-surf-waikiki-beach-edited.jpg\" alt=\"planches de surf \u00e0 louer sur la plage de Waikiki Beach \u00e0 Honolulu\" class=\"wp-image-815\" style=\"border-width:3px;border-radius:0px;aspect-ratio:3\/4;object-fit:cover\"\/><figcaption class=\"wp-element-caption\">Waikiki Beach, Honolulu<\/figcaption><\/figure>\n\n\n\n<h4 class=\"wp-block-heading has-custom-white-color has-text-color has-link-color wp-elements-d60d0ab46f68756bbe2ebdc728c8555d\"><a href=\"https:\/\/aurelievoyage.be\/index.php\/mes-voyages\/hawaii\/\" data-type=\"page\" data-id=\"27\">Hawaii<\/a><\/h4>\n<\/div>\n\n\n\n<div class=\"wp-block-column is-layout-flow wp-block-column-is-layout-flow\">\n<figure class=\"wp-block-image size-full has-custom-border\"><img decoding=\"async\" src=\"https:\/\/aurelievoyagebe.wordpress.com\/wp-content\/uploads\/2025\/04\/torres-de-serranos-valence-edited.jpg\" alt=\"Les tours de Serranos \u00e0 Valence\" class=\"wp-image-816\" style=\"border-width:3px;border-radius:0px;aspect-ratio:3\/4;object-fit:cover\"\/><figcaption class=\"wp-element-caption\">Torres de Serranos<\/figcaption><\/figure>\n\n\n\n<h4 class=\"wp-block-heading\"><a href=\"https:\/\/aurelievoyage.be\/index.php\/mes-voyages\/valence\/\" data-type=\"page\" data-id=\"483\">Valence<\/a><\/h4>\n<\/div>\n\n\n\n<div class=\"wp-block-column is-layout-flow wp-block-column-is-layout-flow\">\n<figure class=\"wp-block-image size-full has-custom-border\"><img decoding=\"async\" src=\"https:\/\/aurelievoyagebe.wordpress.com\/wp-content\/uploads\/2025\/04\/tence-le-lignon-edited.jpg\" alt=\"Rivi\u00e8re du Lignon dans le village de Tence en Haute-Loire.\" class=\"wp-image-817\" style=\"border-width:3px;border-radius:0px;aspect-ratio:3\/4;object-fit:cover\"\/><figcaption class=\"wp-element-caption\">Le Lignon, Tence<\/figcaption><\/figure>\n\n\n\n<h4 class=\"wp-block-heading\"><a href=\"https:\/\/aurelievoyage.be\/index.php\/mes-voyages\/haute-loire\/\" data-type=\"page\" data-id=\"196\">Haute Loire<\/a><\/h4>\n<\/div>\n<\/div>\n<\/div><\/div>\n\n\n\n<div class=\"wp-block-group alignfull is-content-justification-center\" style=\"margin-top:0;margin-bottom:0;padding-top:calc( 0.5 * var(--wp--style--root--padding-right, var(--wp--custom--gap--horizontal)));padding-right:var(--wp--style--root--padding-right, var(--wp--custom--gap--horizontal));padding-bottom:calc( 0.5 * var(--wp--style--root--padding-right, var(--wp--custom--gap--horizontal)));padding-left:var(--wp--style--root--padding-left, var(--wp--custom--gap--horizontal))\"><div class=\"wp-block-group__inner-container is-layout-constrained wp-container-core-group-is-layout-b073b61b wp-block-group-is-layout-constrained\">\n<div class=\"wp-block-columns alignwide is-layout-flex wp-container-core-columns-is-layout-9d6595d7 wp-block-columns-is-layout-flex\">\n<div class=\"wp-block-column is-layout-flow wp-block-column-is-layout-flow\">\n<figure class=\"wp-block-image size-full has-custom-border\"><img decoding=\"async\" src=\"https:\/\/aurelievoyagebe.wordpress.com\/wp-content\/uploads\/2025\/04\/arenes-de-seville-edited.jpg\" alt=\"Mur ext\u00e9rieur des Ar\u00e8nes de S\u00e9ville\" class=\"wp-image-819\" style=\"border-width:3px;border-radius:0px;aspect-ratio:3\/4;object-fit:cover\"\/><figcaption class=\"wp-element-caption\">Les Ar\u00e8nes de S\u00e9ville<\/figcaption><\/figure>\n\n\n\n<h4 class=\"wp-block-heading\"><a href=\"https:\/\/aurelievoyage.be\/index.php\/mes-voyages\/seville\/\" data-type=\"page\" data-id=\"238\">S\u00e9ville<\/a><\/h4>\n<\/div>\n\n\n\n<div class=\"wp-block-column is-layout-flow wp-block-column-is-layout-flow\">\n<figure class=\"wp-block-image size-full has-custom-border\"><img decoding=\"async\" src=\"https:\/\/aurelievoyagebe.wordpress.com\/wp-content\/uploads\/2025\/04\/cala-mitjana-menorca-edited.jpg\" alt=\"Vue sur la crique de la plage de Cala Mitjana \u00e0 Minroque\" class=\"wp-image-822\" style=\"border-width:3px;aspect-ratio:3\/4;object-fit:cover\"\/><figcaption class=\"wp-element-caption\">Cala Mitjana<\/figcaption><\/figure>\n\n\n\n<h4 class=\"wp-block-heading\"><a href=\"https:\/\/aurelievoyage.be\/index.php\/mes-voyages\/minorque\/\" data-type=\"page\" data-id=\"232\">Minorque<\/a><\/h4>\n<\/div>\n\n\n\n<div class=\"wp-block-column is-layout-flow wp-block-column-is-layout-flow\">\n<figure class=\"wp-block-image size-large has-custom-border\"><img decoding=\"async\" src=\"https:\/\/aurelievoyagebe.wordpress.com\/wp-content\/uploads\/2025\/04\/masca-tenerife-1-edited.jpg\" alt=\"Vue sur l'\u00e9peron rocheux du village de Masca \u00e0 T\u00e9n\u00e9rife\" class=\"wp-image-824\" style=\"border-width:3px\"\/><figcaption class=\"wp-element-caption\">Village de Masca<\/figcaption><\/figure>\n\n\n\n<h4 class=\"wp-block-heading has-custom-white-color has-text-color has-link-color wp-elements-4cfc60087a00c802c1c86c4b096fbf30\"><a href=\"https:\/\/aurelievoyage.be\/index.php\/mes-voyages\/sicile\/\" data-type=\"page\" data-id=\"599\">T\u00e9n\u00e9rife<\/a><\/h4>\n<\/div>\n<\/div>\n<\/div><\/div>\n\n\n\n<div class=\"wp-block-group alignfull is-content-justification-center\" style=\"margin-top:0;margin-bottom:0;padding-top:calc( 0.5 * var(--wp--style--root--padding-right, var(--wp--custom--gap--horizontal)));padding-right:var(--wp--style--root--padding-right, var(--wp--custom--gap--horizontal));padding-bottom:calc( 0.5 * var(--wp--style--root--padding-right, var(--wp--custom--gap--horizontal)));padding-left:var(--wp--style--root--padding-left, var(--wp--custom--gap--horizontal))\"><div class=\"wp-block-group__inner-container is-layout-constrained wp-container-core-group-is-layout-b073b61b wp-block-group-is-layout-constrained\">\n<div class=\"wp-block-columns alignwide is-layout-flex wp-container-core-columns-is-layout-9d6595d7 wp-block-columns-is-layout-flex\">\n<div class=\"wp-block-column is-layout-flow wp-block-column-is-layout-flow\">\n<figure class=\"wp-block-image size-full has-custom-border\"><img decoding=\"async\" src=\"https:\/\/aurelievoyagebe.wordpress.com\/wp-content\/uploads\/2025\/04\/majorque-sa-calobra-edited-2.jpg\" alt=\"Baie de Sa Calobra au nord de Majorque\" class=\"wp-image-832\" style=\"border-width:3px;border-radius:0px;aspect-ratio:3\/4;object-fit:cover\"\/><figcaption class=\"wp-element-caption\">Sa Calobra<\/figcaption><\/figure>\n\n\n\n<h4 class=\"wp-block-heading\"><a href=\"https:\/\/aurelievoyage.be\/index.php\/mes-voyages\/majorque\/\" data-type=\"page\" data-id=\"233\">Majorque<\/a><\/h4>\n<\/div>\n\n\n\n<div class=\"wp-block-column is-layout-flow wp-block-column-is-layout-flow\">\n<figure class=\"wp-block-image size-full has-custom-border\"><img decoding=\"async\" src=\"https:\/\/aurelievoyagebe.wordpress.com\/wp-content\/uploads\/2025\/04\/sagrada-familia-barcelone.jpg\" alt=\"Fa\u00e7ade avant de la Sagrada Familia \u00e0 Barcelone\" class=\"wp-image-834\" style=\"border-width:3px;aspect-ratio:3\/4;object-fit:cover\"\/><figcaption class=\"wp-element-caption\">Sagrada Familia<\/figcaption><\/figure>\n\n\n\n<h4 class=\"wp-block-heading\"><a href=\"https:\/\/aurelievoyage.be\/index.php\/mes-voyages\/barcelone\/\" data-type=\"page\" data-id=\"494\">Barcelone<\/a><\/h4>\n<\/div>\n\n\n\n<div class=\"wp-block-column is-layout-flow wp-block-column-is-layout-flow\">\n<figure class=\"wp-block-image size-full has-custom-border\"><img decoding=\"async\" src=\"https:\/\/aurelievoyagebe.wordpress.com\/wp-content\/uploads\/2025\/04\/teror-gran-canaria.jpg\" alt=\"Centre historique du village de Teror\" class=\"wp-image-836\" style=\"border-width:3px;aspect-ratio:3\/4;object-fit:cover\"\/><figcaption class=\"wp-element-caption\">Ville de Teror<\/figcaption><\/figure>\n\n\n\n<h4 class=\"wp-block-heading\"><a href=\"https:\/\/aurelievoyage.be\/index.php\/mes-voyages\/gran-canaria\/\" data-type=\"page\" data-id=\"495\">Gran Canaria<\/a><\/h4>\n<\/div>\n<\/div>\n<\/div><\/div>\n\n\n\n<div class=\"wp-block-group alignfull is-content-justification-center\" style=\"margin-top:0;margin-bottom:0;padding-top:calc( 0.5 * var(--wp--style--root--padding-right, var(--wp--custom--gap--horizontal)));padding-right:var(--wp--style--root--padding-right, var(--wp--custom--gap--horizontal));padding-bottom:calc( 0.5 * var(--wp--style--root--padding-right, var(--wp--custom--gap--horizontal)));padding-left:var(--wp--style--root--padding-left, var(--wp--custom--gap--horizontal))\"><div class=\"wp-block-group__inner-container is-layout-constrained wp-container-core-group-is-layout-b073b61b wp-block-group-is-layout-constrained\">\n<div class=\"wp-block-columns alignwide is-layout-flex wp-container-core-columns-is-layout-9d6595d7 wp-block-columns-is-layout-flex\">\n<div class=\"wp-block-column is-layout-flow wp-block-column-is-layout-flow\">\n<figure class=\"wp-block-image size-full has-custom-border\"><img decoding=\"async\" src=\"https:\/\/aurelievoyagebe.wordpress.com\/wp-content\/uploads\/2025\/04\/parc-du-timanfaya-lanzarote-edited.jpg\" alt=\"Large vue sur le Parc National du Timanfaya\" class=\"wp-image-845\" style=\"border-width:3px;border-radius:0px;aspect-ratio:3\/4;object-fit:cover\"\/><figcaption class=\"wp-element-caption\">Parc Timanfaya<\/figcaption><\/figure>\n\n\n\n<h4 class=\"wp-block-heading\"><a href=\"https:\/\/aurelievoyage.be\/index.php\/mes-voyages\/lanzarote\/\" data-type=\"page\" data-id=\"496\">Lanzarote<\/a><\/h4>\n<\/div>\n\n\n\n<div class=\"wp-block-column is-layout-flow wp-block-column-is-layout-flow\">\n<figure class=\"wp-block-image size-full has-custom-border\"><img decoding=\"async\" src=\"https:\/\/aurelievoyagebe.wordpress.com\/wp-content\/uploads\/2025\/04\/capri-italie-edited.jpg\" alt=\"Falaise de la c\u00f4te Sud de l'\u00eele de Capri\" class=\"wp-image-847\" style=\"border-width:3px;aspect-ratio:3\/4;object-fit:cover\"\/><figcaption class=\"wp-element-caption\">Capri<\/figcaption><\/figure>\n\n\n\n<h4 class=\"wp-block-heading\"><a href=\"https:\/\/aurelievoyage.be\/index.php\/mes-voyages\/baie-de-naples-et-cote-amalfitaine\/\" data-type=\"page\" data-id=\"497\">Baie de Naples et C\u00f4te Amalfitaine<\/a><\/h4>\n<\/div>\n\n\n\n<div class=\"wp-block-column is-layout-flow wp-block-column-is-layout-flow\">\n<figure class=\"wp-block-image size-full has-custom-border\"><img decoding=\"async\" src=\"https:\/\/aurelievoyagebe.wordpress.com\/wp-content\/uploads\/2025\/04\/fuerteventura-plage-edited.jpg\" alt=\"Plage de Fuerteventura\" class=\"wp-image-849\" style=\"border-width:3px;aspect-ratio:3\/4;object-fit:cover\"\/><figcaption class=\"wp-element-caption\">Plage de Jandia<\/figcaption><\/figure>\n\n\n\n<h4 class=\"wp-block-heading\"><a href=\"https:\/\/aurelievoyage.be\/index.php\/mes-voyages\/fuerteventura\/\" data-type=\"page\" data-id=\"498\">Fuerteventura<\/a><\/h4>\n<\/div>\n<\/div>\n<\/div><\/div>\n\n\n\n<div class=\"wp-block-group alignfull is-content-justification-center\" style=\"margin-top:0;margin-bottom:0;padding-top:calc( 0.5 * var(--wp--style--root--padding-right, var(--wp--custom--gap--horizontal)));padding-right:var(--wp--style--root--padding-right, var(--wp--custom--gap--horizontal));padding-bottom:calc( 0.5 * var(--wp--style--root--padding-right, var(--wp--custom--gap--horizontal)));padding-left:var(--wp--style--root--padding-left, var(--wp--custom--gap--horizontal))\"><div class=\"wp-block-group__inner-container is-layout-constrained wp-container-core-group-is-layout-b073b61b wp-block-group-is-layout-constrained\">\n<div class=\"wp-block-columns alignwide is-layout-flex wp-container-core-columns-is-layout-9d6595d7 wp-block-columns-is-layout-flex\">\n<div class=\"wp-block-column is-layout-flow wp-block-column-is-layout-flow\">\n<figure class=\"wp-block-image size-full has-custom-border\"><img decoding=\"async\" src=\"https:\/\/aurelievoyagebe.wordpress.com\/wp-content\/uploads\/2025\/04\/santorin-edited.jpg\" alt=\"Maison peinte \u00e0 la chaux sur l'\u00eele volcanique de Santorin\" class=\"wp-image-852\" style=\"border-width:3px;border-radius:0px;aspect-ratio:3\/4;object-fit:cover\"\/><figcaption class=\"wp-element-caption\">Santorin<\/figcaption><\/figure>\n\n\n\n<h4 class=\"wp-block-heading\"><a href=\"https:\/\/aurelievoyage.be\/index.php\/mes-voyages\/athenes-crete-santorin\/\" data-type=\"page\" data-id=\"479\">Ath\u00e8nes-Cr\u00eate-Santorin<\/a><\/h4>\n<\/div>\n\n\n\n<div class=\"wp-block-column is-layout-flow wp-block-column-is-layout-flow\">\n<figure class=\"wp-block-image size-full has-custom-border\"><img decoding=\"async\" src=\"https:\/\/aurelievoyagebe.wordpress.com\/wp-content\/uploads\/2025\/04\/coimbra-portugal-edited.jpg\" alt=\"Vue sur la ville de Coimbra de l'autre c\u00f4t\u00e9 du fleuve\" class=\"wp-image-854\" style=\"border-width:3px;aspect-ratio:3\/4;object-fit:cover\"\/><figcaption class=\"wp-element-caption\">Coimbra<\/figcaption><\/figure>\n\n\n\n<h4 class=\"wp-block-heading\"><a href=\"https:\/\/aurelievoyage.be\/index.php\/mes-voyages\/coimbra-et-lisbonne\/\" data-type=\"page\" data-id=\"477\">Coimbra et Lisbonne<\/a><\/h4>\n<\/div>\n\n\n\n<div class=\"wp-block-column is-layout-flow wp-block-column-is-layout-flow\">\n<figure class=\"wp-block-image size-full has-custom-border\"><img decoding=\"async\" src=\"https:\/\/aurelievoyagebe.wordpress.com\/wp-content\/uploads\/2025\/04\/village-de-vezenobre-edited-1.jpg\" alt=\"Ruelle ensoleill\u00e9e du village m\u00e9di\u00e9val de V\u00e9z\u00e9nobres dans le Gard\" class=\"wp-image-857\" style=\"border-width:3px;aspect-ratio:3\/4;object-fit:cover\"\/><figcaption class=\"wp-element-caption\">V\u00e9z\u00e9nobres<\/figcaption><\/figure>\n\n\n\n<h4 class=\"wp-block-heading\"><a href=\"https:\/\/aurelievoyage.be\/index.php\/mes-voyages\/provence-alpes-cote-dazur\/\" data-type=\"page\" data-id=\"476\">Provence-Alpes-C\u00f4te d&rsquo;Azur<\/a><\/h4>\n<\/div>\n<\/div>\n<\/div><\/div>\n","protected":false},"excerpt":{"rendered":"<p>Bienvenue dans mon monde ! Vous trouverez ici les diff\u00e9rentes destinations que j\u2019ai pu explorer depuis ces 25 derni\u00e8res ann\u00e9es. Je vous souhaite de belles d\u00e9couvertes et beaucoup de plaisir au travers de ces images. Algarve Sicile C\u00f4te d&rsquo;Opale Hawaii Valence Haute Loire S\u00e9ville Minorque T\u00e9n\u00e9rife Majorque Barcelone Gran Canaria Lanzarote Baie de Naples et [&hellip;]<\/p>\n","protected":false},"author":1,"featured_media":1018,"parent":0,"menu_order":0,"comment_status":"closed","ping_status":"closed","template":"","meta":{"footnotes":""},"class_list":["post-122","page","type-page","status-publish","has-post-thumbnail","hentry"],"jetpack_sharing_enabled":true,"_links":{"self":[{"href":"https:\/\/aurelievoyage.be\/index.php\/wp-json\/wp\/v2\/pages\/122","targetHints":{"allow":["GET"]}}],"collection":[{"href":"https:\/\/aurelievoyage.be\/index.php\/wp-json\/wp\/v2\/pages"}],"about":[{"href":"https:\/\/aurelievoyage.be\/index.php\/wp-json\/wp\/v2\/types\/page"}],"author":[{"embeddable":true,"href":"https:\/\/aurelievoyage.be\/index.php\/wp-json\/wp\/v2\/users\/1"}],"replies":[{"embeddable":true,"href":"https:\/\/aurelievoyage.be\/index.php\/wp-json\/wp\/v2\/comments?post=122"}],"version-history":[{"count":8,"href":"https:\/\/aurelievoyage.be\/index.php\/wp-json\/wp\/v2\/pages\/122\/revisions"}],"predecessor-version":[{"id":1889,"href":"https:\/\/aurelievoyage.be\/index.php\/wp-json\/wp\/v2\/pages\/122\/revisions\/1889"}],"wp:featuredmedia":[{"embeddable":true,"href":"https:\/\/aurelievoyage.be\/index.php\/wp-json\/"}],"wp:attachment":[{"href":"https:\/\/aurelievoyage.be\/index.php\/wp-json\/wp\/v2\/media?parent=122"}],"curies":[{"name":"wp","href":"https:\/\/api.w.org\/{rel}","templated":true}]}}